{"id":885,"date":"2024-10-18T13:05:55","date_gmt":"2024-10-18T11:05:55","guid":{"rendered":"https:\/\/lamasiaraceway.com\/?page_id=885"},"modified":"2024-10-18T13:08:36","modified_gmt":"2024-10-18T11:08:36","slug":"reglamento-interno","status":"publish","type":"page","link":"https:\/\/lamasiaraceway.com\/es\/reglamento-interno\/","title":{"rendered":"REGLAMENTO INTERNO"},"content":{"rendered":"<p>Nota previa: En todos los art\u00edculos y apartados donde aparezca la palabra \u00absocio\u00bb, se referir\u00e1 a los integrantes del club, tanto femeninos como masculinos, para hacer m\u00e1s ligera la lectura del documento.<\/p>\n<p>CAP\u00cdTULO 1: DISPOSICIONES GENERALES<\/p>\n<p>1.1 El \u00e1mbito de aplicaci\u00f3n de este reglamento ser\u00e1 para los socios visitantes y, en general, para todos aquellos que se encuentren dentro de las instalaciones donde el club de radiocontrol LA MASIA RACEWAY desarrolla su actividad. <\/p>\n<p>1.2 De ahora en adelante, ser\u00e1 v\u00e1lida la palabra \u00abClub\u00bb para referirse a LA MASIA RACEWAY.<\/p>\n<p>CAP\u00cdTULO 2: CONDICIONES DE INGRESO<\/p>\n<p>2.1 Podr\u00e1 solicitar la inscripci\u00f3n como socio cualquier persona dispuesta a practicar y fomentar responsablemente el automodelismo, y que est\u00e9 dispuesta a cumplir con los Estatutos y este Reglamento Interno.<\/p>\n<p>2.2 Las personas interesadas en formar parte del Club deber\u00e1n entregar debidamente cumplimentada la solicitud de inscripci\u00f3n junto a una fotograf\u00eda reciente, ya sea en la p\u00e1gina web o por correo electr\u00f3nico. Los interesados menores de 18 a\u00f1os deber\u00e1n entregar su hoja de inscripci\u00f3n firmada por su padre, madre o tutor legal, quienes responder\u00e1n en su nombre.<\/p>\n<p>2.3 En funci\u00f3n de si la solicitud de inscripci\u00f3n es de socio activo infantil o por d\u00edas seleccionados, se aplicar\u00e1n particularidades espec\u00edficas para acceder a las instalaciones, que se pueden consultar en el Cap\u00edtulo 5. Durante este proceso de inscripci\u00f3n, se deber\u00e1n abonar los pagos correspondientes, tal como se especifica en el Cap\u00edtulo 4 y en la p\u00e1gina web.<\/p>\n<p>2.4 Una vez entregada la solicitud de inscripci\u00f3n, ya sea de socio activo o transitorio, y realizados los pagos correspondientes, la admisi\u00f3n estar\u00e1 sujeta a la aprobaci\u00f3n por parte de la direcci\u00f3n, que se reserva el derecho de admisi\u00f3n. La resoluci\u00f3n ser\u00e1 comunicada al solicitante en un plazo m\u00e1ximo de cinco d\u00edas h\u00e1biles. Si pasado ese tiempo no se recibe respuesta, la solicitud se considerar\u00e1 aceptada.<\/p>\n<p>2.5 Los datos se recoger\u00e1n en un archivo inform\u00e1tico y su tratamiento ser\u00e1 exclusivamente como medio de contacto por parte de la Junta Directiva o agentes externos que lo requieran para fines no publicitarios (entidades bancarias, compa\u00f1\u00edas de seguros, asociaciones o federaciones deportivas). Se podr\u00e1 rectificar o cancelar los datos enviando una petici\u00f3n mediante el formulario de contacto en la p\u00e1gina web o por correo electr\u00f3nico a la direcci\u00f3n info@lamasiaraceway.com.<\/p>\n<p>2.6 Despu\u00e9s de haber aprobado la solicitud de inscripci\u00f3n, se proceder\u00e1 a la entrega del c\u00f3digo QR que proporcionar\u00e1 acceso a las instalaciones. A partir de ese momento, el solicitante pasar\u00e1 a formar parte del club como socio seg\u00fan la modalidad solicitada.<\/p>\n<p>CAP\u00cdTULO 3: VISITANTES Y INVITADOS<\/p>\n<p>3.1 Ser\u00e1n aquellas personas que, sin ser socios, accedan a las instalaciones m\u00e1s all\u00e1 de la zona de p\u00fablico o hagan un uso temporal de las mismas, siendo imprescindible acatar las normas del Club, los Estatutos y este Reglamento Interno.<\/p>\n<p>3.2 En caso de ser participantes en pruebas organizadas por el Club, \u00fanicamente deber\u00e1n cumplir con el Cap\u00edtulo 10 (normas de seguridad), el Cap\u00edtulo 11 (organizaci\u00f3n de pruebas deportivas) y el reglamento de la prueba. Una vez finalizado el evento, se regir\u00e1n por este Reglamento Interno como invitados.<\/p>\n<p>3.3 La organizaci\u00f3n del evento adquiere completamente el derecho de admisi\u00f3n sobre todas las personas que se encuentren en las instalaciones.<\/p>\n<p>CAP\u00cdTULO 4: CUOTAS SOCIALES<\/p>\n<p>4.1 El monto de las inscripciones y cuotas ser\u00e1 revisado por la Direcci\u00f3n siempre que las circunstancias del Club lo aconsejen.<\/p>\n<p>4.2 El pago de la inscripci\u00f3n y de la cuota aprobada por la Direcci\u00f3n ser\u00e1 anual para todos los socios. Los pilotos que deseen probar las pistas tienen la opci\u00f3n de pagar una entrada para d\u00edas seleccionados, que se puede reservar y el c\u00f3digo de entrada se obtiene a trav\u00e9s de la p\u00e1gina web.<\/p>\n<p>4.3 Los pagos anuales de los socios existentes se realizar\u00e1n mediante giro bancario durante el mes de enero o, para nuevos socios, a trav\u00e9s de la web, y en ese momento se habilitar\u00e1 un nuevo c\u00f3digo anual. El incumplimiento del pago deshabilitar\u00e1 el c\u00f3digo QR existente y deber\u00e1 realizar el pago a trav\u00e9s de la web para recuperarlo. Si un piloto desea hacerse socio despu\u00e9s de la fecha de inicio de enero, podr\u00e1 pagar la parte proporcional del a\u00f1o restante.<\/p>\n<p>4.4 Las cuotas sucesivas se pagar\u00e1n de la misma manera, a trav\u00e9s de la p\u00e1gina web o mediante transferencia a la cuenta del Club.<\/p>\n<p>4.5 En caso de que un socio decida darse de baja anticipadamente del club o sea expulsado por r\u00e9gimen disciplinario, no tendr\u00e1 derecho a la devoluci\u00f3n de la cuota anual pagada.<\/p>\n<p>CAP\u00cdTULO 5: SOBRE LOS SOCIOS<\/p>\n<p>5.1 Todo socio ser\u00e1 responsable del cuidado de las instalaciones, manteni\u00e9ndolas en buenas condiciones de limpieza, seguridad e higiene tras su uso, as\u00ed como de cumplir y hacer cumplir esta normativa a los dem\u00e1s.<\/p>\n<p>5.2 El sistema de acceso a las instalaciones es personal e intransferible, y la infracci\u00f3n de este punto habilitar\u00e1 a la direcci\u00f3n a dar de baja al propietario del QR utilizado para el acceso de un piloto no socio. En caso de robo del QR, se deber\u00e1 comunicar inmediatamente al Club por correo electr\u00f3nico. Los c\u00f3digos de acceso a las instalaciones no se pueden copiar. Si se detecta que un socio permite el acceso de otra persona, ser\u00e1 expulsado del Club, con la posibilidad de tomar acciones legales y\/o impedir su reingreso futuro.<\/p>\n<p>5.3 En cualquier momento, los miembros del Club o cualquier otra persona dentro de las instalaciones podr\u00e1n solicitar a un socio o persona presente que se identifique. Habr\u00e1 una lista con el nombre y apellidos de todos los socios publicada en una zona restringida exclusiva para socios, para verificar los miembros actuales si fuera necesario.<\/p>\n<p>5.4 Los tipos de socios pueden ser \u00abActivo\u00bb, \u00abInfantil\u00bb o \u00abD\u00edas seleccionados\u00bb. Los nuevos socios ingresar\u00e1n en las modalidades de \u00abActivo\u00bb, \u00abInfantil\u00bb o \u00abD\u00edas seleccionados\u00bb, seg\u00fan corresponda a su solicitud.<\/p>\n<p>5.5 Los socios deber\u00e1n colaborar en las tareas que se desarrollen en el Club y en sus instalaciones, ayudando en el desarrollo de las actividades y en el mantenimiento y\/o renovaci\u00f3n de estas.<\/p>\n<p>5.6 El socio, sea cual sea su modalidad, poseer\u00e1 un c\u00f3digo QR que le permitir\u00e1 abrir el sistema de acceso a las instalaciones a trav\u00e9s de la puerta exterior.<\/p>\n<p>CAP\u00cdTULO 6: BAJAS DE SOCIOS<\/p>\n<p>6.1 El socio que decida darse de baja deber\u00e1 completar el formulario correspondiente en la p\u00e1gina web info@lamasiaraceway.com.<\/p>\n<p>6.2 Una vez recibido el formulario, se tramitar\u00e1 la baja de forma efectiva.<\/p>\n<p>6.3 Desde el momento de la comunicaci\u00f3n de la baja (fecha del formulario o del informe de baja), el socio perder\u00e1 su condici\u00f3n como tal y no podr\u00e1 seguir utilizando las instalaciones, aunque no haya agotado el a\u00f1o en curso. En ning\u00fan caso se devolver\u00e1 la parte restante de las cuotas.<\/p>\n<p>CAP\u00cdTULO 7: REINGRESO DE SOCIOS<\/p>\n<p>7.1 Los socios que se hayan dado de baja estando al corriente de los pagos de sus cuotas podr\u00e1n volver a pertenecer al Club simplemente completando de nuevo el proceso de alta en la p\u00e1gina web.<\/p>\n<p>7.2 Los socios que se hayan dado de baja dejando deudas y deseen ser readmitidos deber\u00e1n satisfacerlas y cumplir con lo establecido en este Cap\u00edtulo 9.<\/p>\n<p>7.3 Ser\u00e1 la Directiva quien haga una evaluaci\u00f3n sobre la estancia del socio durante su \u00faltimo o \u00faltimos per\u00edodos de pertenencia al Club, valorando su comportamiento. El resultado de esta evaluaci\u00f3n determinar\u00e1 si se aprueba o se rechaza su reingreso.<\/p>\n<p>CAP\u00cdTULO 8: NORMAS DE SEGURIDAD Y USO DE LAS INSTALACIONES<\/p>\n<p>8.1 En las instalaciones del Club se deber\u00e1n respetar estrictamente las normas de seguridad para la pr\u00e1ctica del automodelismo, especificadas a continuaci\u00f3n, y se aplicar\u00e1 el sentido com\u00fan en los casos no recogidos. En eventos deportivos, se aplicar\u00e1n las normas espec\u00edficas de los mismos y, en particular, el Cap\u00edtulo 11 y sus apartados.<\/p>\n<p>8.2 La Direcci\u00f3n no se responsabiliza por las negligencias ni los accidentes que provoquen los socios, sus veh\u00edculos automodelos ni su equipo. Tampoco ser\u00e1 responsable en caso de robo o sustracci\u00f3n. La entrada a las instalaciones implica la aceptaci\u00f3n del riesgo de sufrir un accidente, y por tanto, exime al Club y a la Junta Directiva de responsabilidades.<\/p>\n<p>8.3 Est\u00e1 totalmente prohibido conducir en el carril de boxes del circuito o pilotar desde \u00e9l. Este es un espacio que debe permanecer libre de obst\u00e1culos.<\/p>\n<p>8.4 No se permite el uso de los circuitos con automodelos inadecuados para el trazado (por ejemplo, modelos a escala 1\/5), los que invaliden las protecciones o aquellos que causen un deterioro anormal en las pistas.<\/p>\n<p>8.5 Los socios evitar\u00e1n, en la medida de lo posible, practicar diferentes modalidades en la misma zona y al mismo tiempo, con el fin de evitar incidentes.<br \/>\n8.6 Cualquier tipo de agresi\u00f3n f\u00edsica o verbal por parte de un socio, o de una persona dependiente de \u00e9l, hacia otra persona dentro de las instalaciones, conllevar\u00e1 su expulsi\u00f3n de por vida del Club.<\/p>\n<p>8.7 No est\u00e1 permitido fumar tabaco ni ninguna sustancia estupefaciente dentro de las instalaciones.<\/p>\n<p>8.8 En caso de tratarse de un evento, se aplicar\u00e1n tambi\u00e9n las normas correspondientes al mismo. Asimismo, cualquier da\u00f1o intencionado al material de otro socio ser\u00e1 sancionado.<br \/>\n8.9 Los mec\u00e1nicos y\/o acompa\u00f1antes son responsabilidad del socio, quien responder\u00e1 por ellos.<\/p>\n<p>8.10 Est\u00e1 prohibido el acceso a la zona de boxes, al podio y al trazado a cualquier persona que no sea socio, salvo autorizaci\u00f3n expresa. Los espectadores deber\u00e1n permanecer en la zona de boxes.<\/p>\n<p>8.11 Durante los entrenamientos, los pilotos podr\u00e1n acceder a la pista para recoger su automodelo bajo su propia responsabilidad, y deber\u00e1n asegurarse de no obstaculizar a otros automodelos que puedan estar circulando.<\/p>\n<p>8.12 El carril de boxes debe mantenerse libre de obst\u00e1culos, y los automodelos detenidos deben dejar el espacio suficiente para no entorpecer a los dem\u00e1s. Este ser\u00e1 el punto de entrada y salida a la pista, respetando siempre el mismo sentido de circulaci\u00f3n que haya en la recta principal.<\/p>\n<p>8.13 En caso de que un socio o visitante traiga consigo alg\u00fan animal de compa\u00f1\u00eda, deber\u00e1 estar debidamente custodiado, siendo imprescindible el uso de elementos de seguridad que se consideren oportunos. El propietario ser\u00e1 responsable de cualquier incidente relacionado con el animal.<\/p>\n<p>8.14 Los socios deben mantener las instalaciones limpias, utilizando las papeleras. No se debe dejar basura, tales como trapos sucios, papeles, latas de bebida o cualquier otro residuo en el suelo o las mesas. Adem\u00e1s, deber\u00e1n evitar que personas ajenas al club lo hagan. Se tomar\u00e1n las medidas necesarias para evitar ensuciar las mesas con combustible, aceites o gases de escape. Si se ensucia con tierra, piedras o barro, el socio deber\u00e1 barrer. Se debe prestar especial atenci\u00f3n al uso adecuado de los ba\u00f1os, respetando los espacios para hombres y mujeres.<\/p>\n<p>8.15 Es responsabilidad de los socios velar por el cumplimiento de las normas de seguridad e higiene, llamando la atenci\u00f3n al infractor y denunciando su acci\u00f3n ante la Junta Directiva.<\/p>\n<p>8.16 La Direcci\u00f3n deber\u00e1 publicar y\/o informar a los socios sobre los horarios de utilizaci\u00f3n de las instalaciones. Est\u00e1 prohibida la permanencia en las instalaciones fuera de estos horarios.<\/p>\n<p>8.17 Cada socio ser\u00e1 responsable de dejar las instalaciones cerradas cuando se retire.<\/p>\n<p>8.18 Est\u00e1 terminantemente prohibido realizar cualquier otro tipo de actividad que no est\u00e9 relacionada con el automodelismo de radiocontrol.<\/p>\n<p>CAP\u00cdTULO 9: ORGANIZACI\u00d3N DE PRUEBAS DEPORTIVAS<\/p>\n<p>9.1 Todo evento que se celebre en el Club dispondr\u00e1 de un organizador o un grupo de organizaci\u00f3n, que ser\u00e1 responsable de las instalaciones y del equipo utilizado, y de asegurar que todo se mantenga en buen estado. Adem\u00e1s, la Direcci\u00f3n ser\u00e1 la entidad con mayor autoridad durante la prueba, teniendo la \u00faltima palabra en todas las decisiones deportivas tomadas durante el evento. Cualquier piloto con dudas o reclamaciones deber\u00e1 dirigirse a la Direcci\u00f3n para su resoluci\u00f3n.<\/p>\n<p>9.2 Se podr\u00e1n organizar, entre otros, pruebas sociales (solo para socios), pruebas abiertas (participaci\u00f3n libre de socios y no socios), y pruebas de mayor envergadura respaldadas por asociaciones o federaciones de \u00e1mbito regional, interregional, nacional o internacional.<\/p>\n<p>9.3 Los participantes deber\u00e1n estar en posesi\u00f3n de la licencia correspondiente requerida en cada caso, generalmente la de AECAR. Para eventos sociales y abiertos, se exigir\u00e1 como m\u00ednimo la cobertura de tipo CLUB de AECAR, siendo tambi\u00e9n v\u00e1lidas las licencias JUNIOR y A. En el resto de las pruebas, el reglamento correspondiente establecer\u00e1 la validez de las diferentes licencias, exigiendo siempre como m\u00ednimo la licencia tipo CLUB de AECAR para los participantes.<\/p>\n<p>9.4 Las concentraciones de socios o carreras que no est\u00e9n publicadas en el calendario del Club o en la secci\u00f3n de noticias de la web no podr\u00e1n impedir el uso de la pista por parte de otros socios.<\/p>\n<p>9.5 El precio de inscripci\u00f3n para las pruebas ser\u00e1 decidido por el equipo organizador, con el visto bueno de la Junta Directiva. Para los socios, la tarifa siempre ser\u00e1 menor o igual que para los no socios. El equipo organizador deber\u00e1 rendir cuentas de lo recaudado y de todos los flujos econ\u00f3micos al tesorero, aportando la documentaci\u00f3n justificativa.<\/p>\n<p>9.6 En caso de coincidencia de fechas, tendr\u00e1n prioridad aquellas pruebas de mayor nivel, seguidas de las que cuenten con un mayor n\u00famero de socios inscritos en su categor\u00eda.<\/p>\n<p>9.7 El incumplimiento de las normas dictadas por la organizaci\u00f3n, la desobediencia a sus decisiones o la falta de respeto hacia la misma ser\u00e1 sancionado con penalizaciones que pueden ir desde la penalizaci\u00f3n con tiempo, descalificaci\u00f3n de la prueba, expulsi\u00f3n de las instalaciones, o incluso la expulsi\u00f3n del Club del miembro infractor.<\/p>\n<p>CAP\u00cdTULO 10: REDES SOCIALES Y GRUPOS<\/p>\n<p>10.1 El Club dispondr\u00e1 de uno o varios grupos en WhatsApp con el objetivo de difundir y establecer una relaci\u00f3n m\u00e1s cercana entre todos sus socios. Habr\u00e1 un grupo com\u00fan para todos, y podr\u00e1n existir otros grupos espec\u00edficos, pero siempre deber\u00e1n cumplir con las normas establecidas en este Reglamento Interno.<\/p>\n<p>10.2 Los miembros de la Junta Directiva ser\u00e1n los moderadores del grupo y podr\u00e1n expulsar a quienes incumplan las normas.<br \/>\n10.3 La adhesi\u00f3n al grupo ser\u00e1 voluntaria, por lo que un miembro de la Junta Directiva preguntar\u00e1 a cada socio si desea unirse. En caso afirmativo, cualquier miembro de la Junta Directiva le enviar\u00e1 un enlace de invitaci\u00f3n. Mediante este sistema, el socio decidir\u00e1 si finalmente desea unirse o no, y al hacerlo, aceptar\u00e1 las condiciones del grupo.<\/p>\n<p>10.4 En cualquier momento, el socio puede decidir libremente salir del grupo, pero no podr\u00e1 ser reingresado. Si desea regresar, deber\u00e1 solicitarlo a alg\u00fan miembro de la Junta Directiva, quien le enviar\u00e1 una nueva invitaci\u00f3n.<\/p>\n<p>10.5 El grupo general no se utilizar\u00e1 para entablar largas conversaciones, sino principalmente para que los socios reciban informaci\u00f3n de manera m\u00e1s directa y est\u00e9n al tanto de lo que sucede en el Club y en sus instalaciones. En caso de tratarse de un grupo m\u00e1s espec\u00edfico, se podr\u00e1n tratar los temas correspondientes con mayor profundidad.<\/p>\n<p>10.6 En todo momento, los miembros de la Junta Directiva disponen del derecho de admisi\u00f3n al grupo, y si alg\u00fan miembro muestra faltas de respeto hacia otros o provoca cualquier tipo de agresi\u00f3n verbal, adem\u00e1s de su inmediata expulsi\u00f3n, se le podr\u00e1n aplicar medidas sancionadoras, de la misma manera que si el hecho ocurriera de forma presencial.<\/p>\n<p>10.7 No se podr\u00e1n publicar mensajes de tipo cadena, im\u00e1genes ajenas a los temas del club o cualquier otro material no correspondiente. El socio que publique este tipo de material ser\u00e1 reprendido por los administradores y se estudiar\u00e1 la posibilidad de tomar medidas disciplinarias en su contra.<\/p>\n<p>10.8 El grupo no servir\u00e1 como plataforma publicitaria, por lo que no se podr\u00e1n publicar mensajes que promocionen productos o que impliquen publicidad de ning\u00fan art\u00edculo. El socio que no respete esta norma ser\u00e1 reprendido por los administradores y se valorar\u00e1 la posibilidad de tomar medidas disciplinarias en su contra.<\/p>\n<p>10.9 Ning\u00fan miembro del grupo podr\u00e1 extraer los datos de otros miembros ni proporcionarlos a terceras personas.<\/p>\n<p>10.10 Los administradores no se responsabilizan de las opiniones o mensajes publicados por los miembros del grupo. En todo momento velar\u00e1n por el buen funcionamiento del grupo, bas\u00e1ndose en los criterios que consideren adecuados y podr\u00e1n llamar al orden a cualquier socio cuando sea necesario.<\/p>\n<p>CAP\u00cdTULO 11: MODIFICACI\u00d3N DEL PRESENTE REGLAMENTO INTERNO<\/p>\n<p>Los cambios en el Reglamento Interno se realizar\u00e1n seg\u00fan lo indique la Junta Directiva.<\/p>\n<p>La Direcci\u00f3n del Club<\/p>\n","protected":false},"excerpt":{"rendered":"<p>Nota previa: En todos los art\u00edculos y apartados donde aparezca la palabra \u00absocio\u00bb, se referir\u00e1 a los integrantes del club, tanto femeninos como masculinos, para hacer m\u00e1s ligera la lectura del documento. CAP\u00cdTULO 1: DISPOSICIONES GENERALES 1.1 El \u00e1mbito de aplicaci\u00f3n de este reglamento ser\u00e1 para los socios visitantes y, en general, para todos aquellos&#8230;<\/p>\n","protected":false},"author":1,"featured_media":0,"parent":0,"menu_order":0,"comment_status":"closed","ping_status":"closed","template":"","meta":{"_joinchat":[],"footnotes":""},"class_list":["post-885","page","type-page","status-publish","hentry"],"_links":{"self":[{"href":"https:\/\/lamasiaraceway.com\/es\/wp-json\/wp\/v2\/pages\/885","targetHints":{"allow":["GET"]}}],"collection":[{"href":"https:\/\/lamasiaraceway.com\/es\/wp-json\/wp\/v2\/pages"}],"about":[{"href":"https:\/\/lamasiaraceway.com\/es\/wp-json\/wp\/v2\/types\/page"}],"author":[{"embeddable":true,"href":"https:\/\/lamasiaraceway.com\/es\/wp-json\/wp\/v2\/users\/1"}],"replies":[{"embeddable":true,"href":"https:\/\/lamasiaraceway.com\/es\/wp-json\/wp\/v2\/comments?post=885"}],"version-history":[{"count":1,"href":"https:\/\/lamasiaraceway.com\/es\/wp-json\/wp\/v2\/pages\/885\/revisions"}],"predecessor-version":[{"id":886,"href":"https:\/\/lamasiaraceway.com\/es\/wp-json\/wp\/v2\/pages\/885\/revisions\/886"}],"wp:attachment":[{"href":"https:\/\/lamasiaraceway.com\/es\/wp-json\/wp\/v2\/media?parent=885"}],"curies":[{"name":"wp","href":"https:\/\/api.w.org\/{rel}","templated":true}]}}