{"id":879,"date":"2024-10-18T13:01:35","date_gmt":"2024-10-18T11:01:35","guid":{"rendered":"https:\/\/lamasiaraceway.com\/?page_id=879"},"modified":"2024-10-18T13:03:05","modified_gmt":"2024-10-18T11:03:05","slug":"politica-de-devolucion","status":"publish","type":"page","link":"https:\/\/lamasiaraceway.com\/es\/politica-de-devolucion\/","title":{"rendered":"Pol\u00edtica de devolucion"},"content":{"rendered":"<p>CONDICIONES DE RESERVA: POL\u00cdTICA DE DEVOLUCI\u00d3N<\/p>\n<p>Lea, por favor, este documento antes de completar la reserva, dado que le facilita informaci\u00f3n importante sobre su reserva, incluyendo qu\u00e9 sue\u00f1o sus responsabilidades. <\/p>\n<p>CONDICIONES<\/p>\n<p>Los precios de todas nuestras sesiones son con IVA incluido. Una vez contratada una sesi\u00f3n de entrenamiento, se tiene que avisar con un m\u00ednimo de 24 horas de antelaci\u00f3n en caso de no poderla realizar o quererla cambiar. Si se avisa con menos tiempo aquella sesi\u00f3n, se tendr\u00e1 que contar como realizada. En caso de no asistencia el d\u00eda del acontecimiento o de la reserva, no se otorgar\u00e1n reembolsos ni se ofrecer\u00e1 la opci\u00f3n de cambiar la fecha.<\/p>\n<p>Si el acontecimiento o la reserva tiene que ser cancelada por condiciones meteorol\u00f3gicas adversas o por causas de fuerza mayor, La Mas\u00eda Raceway reprogramar\u00e1 la actividad o acontecimiento en una fecha posterior. En estos casos, no se realizar\u00e1 ning\u00fan reembolso, pero los clientes podr\u00e1n elegir una nueva fecha sin coste adicional.<\/p>\n<p>DEVOLUCIONES<\/p>\n<p>Los packs de entrenamiento personal tienen vigencia durante un a\u00f1o contando la fecha de compra (recibir\u00e9is siempre un comprobante de vuestra compra por correo electr\u00f3nico). No se har\u00e1n devoluciones del importe de las sesiones no realizadas a no ser que sea a causa de fuerza mayor.<\/p>\n<p>En todo caso el equipo de La Mas\u00eda Raceway revisar\u00e1 caso por caso para tomar decisiones el m\u00e1ximo de favorables para ambas partes. Para solicitar un reembolso, es necesario enviar un correo electr\u00f3nico a info@lamasiaraceway.com con los detalles de la reserva y el motivo de la cancelaci\u00f3n.<\/p>\n<p>Los reembolsos aprobados se realizar\u00e1n dentro de los 10 d\u00edas h\u00e1biles posteriores a la confirmaci\u00f3n, a trav\u00e9s del mismo m\u00e9todo de pago utilizado en la compra. Todos los reembolsos est\u00e1n sujetos a un cargo administrativo del 5% del valor total de la reserva, que ser\u00e1 deducido de la suma a devolver.<\/p>\n<p>Si tienes alguna pregunta o inquietud sobre nuestra pol\u00edtica de devoluci\u00f3n, no dudes a contactarnos a trav\u00e9s del mail info@lamasiaraceway.com.<\/p>\n<p>Esta pol\u00edtica est\u00e1 sujeta a cambios sin previo aviso, por lo cual te recomendamos consultarla regularmente para estar al corriente de cualquier actualizaci\u00f3n.<\/p>\n<p>Se proceder\u00e1 seg\u00fan indique la Directiva a los cambios en el Reglamento Interno, si diera lugar.<\/p>\n<p>La Direcci\u00f3n DEL CLUB<\/p>\n","protected":false},"excerpt":{"rendered":"<p>CONDICIONES DE RESERVA: POL\u00cdTICA DE DEVOLUCI\u00d3N Lea, por favor, este documento antes de completar la reserva, dado que le facilita informaci\u00f3n importante sobre su reserva, incluyendo qu\u00e9 sue\u00f1o sus responsabilidades. CONDICIONES Los precios de todas nuestras sesiones son con IVA incluido. Una vez contratada una sesi\u00f3n de entrenamiento, se tiene que avisar con un m\u00ednimo&#8230;<\/p>\n","protected":false},"author":1,"featured_media":0,"parent":0,"menu_order":0,"comment_status":"closed","ping_status":"closed","template":"","meta":{"_joinchat":[],"footnotes":""},"class_list":["post-879","page","type-page","status-publish","hentry"],"_links":{"self":[{"href":"https:\/\/lamasiaraceway.com\/es\/wp-json\/wp\/v2\/pages\/879","targetHints":{"allow":["GET"]}}],"collection":[{"href":"https:\/\/lamasiaraceway.com\/es\/wp-json\/wp\/v2\/pages"}],"about":[{"href":"https:\/\/lamasiaraceway.com\/es\/wp-json\/wp\/v2\/types\/page"}],"author":[{"embeddable":true,"href":"https:\/\/lamasiaraceway.com\/es\/wp-json\/wp\/v2\/users\/1"}],"replies":[{"embeddable":true,"href":"https:\/\/lamasiaraceway.com\/es\/wp-json\/wp\/v2\/comments?post=879"}],"version-history":[{"count":1,"href":"https:\/\/lamasiaraceway.com\/es\/wp-json\/wp\/v2\/pages\/879\/revisions"}],"predecessor-version":[{"id":880,"href":"https:\/\/lamasiaraceway.com\/es\/wp-json\/wp\/v2\/pages\/879\/revisions\/880"}],"wp:attachment":[{"href":"https:\/\/lamasiaraceway.com\/es\/wp-json\/wp\/v2\/media?parent=879"}],"curies":[{"name":"wp","href":"https:\/\/api.w.org\/{rel}","templated":true}]}}